{"id":2,"date":"2021-09-16T23:42:44","date_gmt":"2021-09-16T21:42:44","guid":{"rendered":"http:\/\/jebena.ch\/?page_id=2"},"modified":"2022-02-07T09:16:11","modified_gmt":"2022-02-07T08:16:11","slug":"beispiel-seite","status":"publish","type":"page","link":"http:\/\/jebena.ch\/?page_id=2","title":{"rendered":"Ihre Gastgeberin"},"content":{"rendered":"\n<p>Meine Name ist <strong>Woinshet Chane Maurer Ayele<\/strong>. Geboren bin ich in <strong>Addis Ababa, \u00c4thiopien.<\/strong><\/p>\n\n\n\n<p>In \u00c4thiopien lernen schon die kleinen M\u00e4dchen von ihren M\u00fcttern oder den \u00e4lteren Schwestern wie man eine <strong>traditionelle Kaffeezeremonie<\/strong> macht. So habe auch ich als 8 j\u00e4hriges M\u00e4dchen interessiert zugeschaut und gelernt, wie man den Kaffee richtig zubereitet und <strong>die Zeremonie mit all ihren Br\u00e4uchen<\/strong> richtig durchf\u00fchrt.<\/p>\n\n\n\n<p>Seit 2018 lebe ich mit meinem Mann und meinen drei Kindern <strong>in der Schweiz<\/strong>.&nbsp;<\/p>\n\n\n\n<p>Da wir in \u00c4thiopien <strong>fast t\u00e4glich<\/strong> eine Kaffeezeremonie machen, vermisse ich unsere Zeremonien schon ein bisschen.<\/p>\n\n\n\n<p>Auch deshalb will ich gerne diese wunderbare Tradition des Kaffee trinken hier den <strong>Leuten n\u00e4her bringen.<\/strong><\/p>\n\n\n\n<figure class=\"wp-block-image size-large is-style-default\"><img loading=\"lazy\" width=\"752\" height=\"1024\" src=\"http:\/\/jebena.ch\/wp-content\/uploads\/2022\/01\/woinshet-752x1024.jpg\" alt=\"\" class=\"wp-image-198\" srcset=\"http:\/\/jebena.ch\/wp-content\/uploads\/2022\/01\/woinshet-752x1024.jpg 752w, http:\/\/jebena.ch\/wp-content\/uploads\/2022\/01\/woinshet-220x300.jpg 220w, http:\/\/jebena.ch\/wp-content\/uploads\/2022\/01\/woinshet-768x1046.jpg 768w, http:\/\/jebena.ch\/wp-content\/uploads\/2022\/01\/woinshet-1128x1536.jpg 1128w, http:\/\/jebena.ch\/wp-content\/uploads\/2022\/01\/woinshet-1504x2048.jpg 1504w, http:\/\/jebena.ch\/wp-content\/uploads\/2022\/01\/woinshet-scaled.jpg 1880w\" sizes=\"(max-width: 752px) 100vw, 752px\" \/><\/figure>\n","protected":false},"excerpt":{"rendered":"<p>Meine Name ist Woinshet Chane Maurer Ayele. Geboren bin ich in Addis Ababa, \u00c4thiopien. In \u00c4thiopien lernen schon die [&hellip;]<\/p>\n","protected":false},"author":1,"featured_media":0,"parent":0,"menu_order":0,"comment_status":"closed","ping_status":"open","template":"","meta":[],"_links":{"self":[{"href":"http:\/\/jebena.ch\/index.php?rest_route=\/wp\/v2\/pages\/2"}],"collection":[{"href":"http:\/\/jebena.ch\/index.php?rest_route=\/wp\/v2\/pages"}],"about":[{"href":"http:\/\/jebena.ch\/index.php?rest_route=\/wp\/v2\/types\/page"}],"author":[{"embeddable":true,"href":"http:\/\/jebena.ch\/index.php?rest_route=\/wp\/v2\/users\/1"}],"replies":[{"embeddable":true,"href":"http:\/\/jebena.ch\/index.php?rest_route=%2Fwp%2Fv2%2Fcomments&post=2"}],"version-history":[{"count":8,"href":"http:\/\/jebena.ch\/index.php?rest_route=\/wp\/v2\/pages\/2\/revisions"}],"predecessor-version":[{"id":282,"href":"http:\/\/jebena.ch\/index.php?rest_route=\/wp\/v2\/pages\/2\/revisions\/282"}],"wp:attachment":[{"href":"http:\/\/jebena.ch\/index.php?rest_route=%2Fwp%2Fv2%2Fmedia&parent=2"}],"curies":[{"name":"wp","href":"https:\/\/api.w.org\/{rel}","templated":true}]}}